{"id":2715,"date":"2023-04-18T17:47:51","date_gmt":"2023-04-18T21:47:51","guid":{"rendered":"https:\/\/jauntairmobility.com\/?page_id=2715"},"modified":"2023-04-18T18:04:30","modified_gmt":"2023-04-18T22:04:30","slug":"carrieres","status":"publish","type":"page","link":"https:\/\/jauntairmobility.com\/fr\/carrieres\/","title":{"rendered":"Carri\u00e8res"},"content":{"rendered":"\t\t<div data-elementor-type=\"wp-page\" data-elementor-id=\"2715\" class=\"elementor elementor-2715\">\n\t\t\t\t\t\t\t\t\t<section class=\"elementor-section elementor-top-section elementor-element elementor-element-995354c elementor-section-full_width elementor-section-stretched elementor-section-height-min-height elementor-section-content-bottom bannerWrp elementor-section-height-default elementor-section-items-middle\" data-id=\"995354c\" data-element_type=\"section\" data-settings=\"{&quot;stretch_section&quot;:&quot;section-stretched&quot;,&quot;background_background&quot;:&quot;classic&quot;}\">\n\t\t\t\t\t\t<div class=\"elementor-container elementor-column-gap-no\">\n\t\t\t\t\t<div class=\"elementor-column elementor-col-100 elementor-top-column elementor-element elementor-element-7fb2113\" data-id=\"7fb2113\" data-element_type=\"column\">\n\t\t\t<div class=\"elementor-widget-wrap elementor-element-populated\">\n\t\t\t\t\t\t\t\t<div class=\"elementor-element elementor-element-2a02819 elementor-widget__width-initial mrgAuto elementor-widget elementor-widget-text-editor\" data-id=\"2a02819\" data-element_type=\"widget\" data-widget_type=\"text-editor.default\">\n\t\t\t\t<div class=\"elementor-widget-container\">\n\t\t\t<style>\/*! elementor - v3.12.2 - 23-04-2023 *\/\n.elementor-widget-text-editor.elementor-drop-cap-view-stacked .elementor-drop-cap{background-color:#69727d;color:#fff}.elementor-widget-text-editor.elementor-drop-cap-view-framed .elementor-drop-cap{color:#69727d;border:3px solid;background-color:transparent}.elementor-widget-text-editor:not(.elementor-drop-cap-view-default) .elementor-drop-cap{margin-top:8px}.elementor-widget-text-editor:not(.elementor-drop-cap-view-default) .elementor-drop-cap-letter{width:1em;height:1em}.elementor-widget-text-editor .elementor-drop-cap{float:left;text-align:center;line-height:1;font-size:50px}.elementor-widget-text-editor .elementor-drop-cap-letter{display:inline-block}<\/style>\t\t\t\t<h2 class=\"elementor-heading-title elementor-size-default elementor-inline-editing pen\" contenteditable=\"true\" data-elementor-setting-key=\"title\" data-pen-placeholder=\"Type Here...\">CARRI\u00c8RES<\/h2>\t\t\t\t\t\t<\/div>\n\t\t\t\t<\/div>\n\t\t\t\t\t<\/div>\n\t\t<\/div>\n\t\t\t\t\t\t\t<\/div>\n\t\t<\/section>\n\t\t\t\t<section class=\"elementor-section elementor-top-section elementor-element elementor-element-24e1f4a elementor-section-full_width elementor-section-content-middle elementor-section-stretched trustWithExp-wrp elementor-section-height-default elementor-section-height-default\" data-id=\"24e1f4a\" data-element_type=\"section\" data-settings=\"{&quot;stretch_section&quot;:&quot;section-stretched&quot;}\">\n\t\t\t\t\t\t<div class=\"elementor-container elementor-column-gap-no\">\n\t\t\t\t\t<div class=\"elementor-column elementor-col-100 elementor-top-column elementor-element elementor-element-afc411f textBlock\" data-id=\"afc411f\" data-element_type=\"column\">\n\t\t\t<div class=\"elementor-widget-wrap elementor-element-populated\">\n\t\t\t\t\t\t\t\t<div class=\"elementor-element elementor-element-1718533 elementor-widget elementor-widget-heading\" data-id=\"1718533\" data-element_type=\"widget\" data-widget_type=\"heading.default\">\n\t\t\t\t<div class=\"elementor-widget-container\">\n\t\t\t<style>\/*! elementor - v3.12.2 - 23-04-2023 *\/\n.elementor-heading-title{padding:0;margin:0;line-height:1}.elementor-widget-heading .elementor-heading-title[class*=elementor-size-]>a{color:inherit;font-size:inherit;line-height:inherit}.elementor-widget-heading .elementor-heading-title.elementor-size-small{font-size:15px}.elementor-widget-heading .elementor-heading-title.elementor-size-medium{font-size:19px}.elementor-widget-heading .elementor-heading-title.elementor-size-large{font-size:29px}.elementor-widget-heading .elementor-heading-title.elementor-size-xl{font-size:39px}.elementor-widget-heading .elementor-heading-title.elementor-size-xxl{font-size:59px}<\/style><h2 class=\"elementor-heading-title elementor-size-default\">AUCUNE LIMITE \u00c0 VOTRE SUCC\u00c8S<\/h2>\t\t<\/div>\n\t\t\t\t<\/div>\n\t\t\t\t<div class=\"elementor-element elementor-element-b0e6441 elementor-widget__width-initial elementor-widget elementor-widget-text-editor\" data-id=\"b0e6441\" data-element_type=\"widget\" data-widget_type=\"text-editor.default\">\n\t\t\t\t<div class=\"elementor-widget-container\">\n\t\t\t\t\t\t\t<p>Guid\u00e9 par le travail d\u2019\u00e9quipe et la vision, Jaunt Air Mobility s\u2019engage \u00e0 ce que tous ses employ\u00e9s r\u00e9ussissent \u00e0 r\u00e9pondre \u00e0 leurs aspirations professionnelles, qu\u2019il s\u2019agisse d\u2019un professionnel chevronn\u00e9 ou d\u2019un r\u00e9cent dipl\u00f4m\u00e9. Nous offrons \u00e9galement des possibilit\u00e9s de stage lorsque cela est possible.<\/p><p>Nous offrons des programmes complets de formation et de soutien et avons une politique de porte ouverte pour les personnes de tous les horizons. Le respect et l\u2019int\u00e9grit\u00e9 sont le moteur du succ\u00e8s de notre entreprise.<\/p><p><strong>\u00c0 l\u2019heure actuelle, il n\u2019y a pas de postes disponibles; s\u2019il vous pla\u00eet v\u00e9rifier en arri\u00e8re.<\/strong><\/p>\t\t\t\t\t\t<\/div>\n\t\t\t\t<\/div>\n\t\t\t\t\t<\/div>\n\t\t<\/div>\n\t\t\t\t\t\t\t<\/div>\n\t\t<\/section>\n\t\t\t\t\t\t\t<\/div>\n\t\t","protected":false},"excerpt":{"rendered":"<p>CARRI\u00c8RES AUCUNE LIMITE \u00c0 VOTRE SUCC\u00c8S Guid\u00e9 par le travail d\u2019\u00e9quipe et la vision, Jaunt Air Mobility s\u2019engage \u00e0 ce que tous ses employ\u00e9s r\u00e9ussissent \u00e0 r\u00e9pondre \u00e0 leurs aspirations professionnelles, qu\u2019il s\u2019agisse d\u2019un professionnel chevronn\u00e9 ou d\u2019un r\u00e9cent dipl\u00f4m\u00e9. Nous offrons \u00e9galement des possibilit\u00e9s de stage lorsque cela est possible. Nous offrons des programmes [&hellip;]<\/p>\n","protected":false},"author":4,"featured_media":0,"parent":0,"menu_order":0,"comment_status":"closed","ping_status":"closed","template":"","meta":{"footnotes":""},"class_list":["post-2715","page","type-page","status-publish","hentry"],"acf":[],"yoast_head":"<!-- This site is optimized with the Yoast SEO plugin v20.6 - https:\/\/yoast.com\/wordpress\/plugins\/seo\/ -->\n<title>Carri\u00e8res - Jaunt Air Mobility<\/title>\n<meta name=\"robots\" content=\"index, follow, max-snippet:-1, max-image-preview:large, max-video-preview:-1\" \/>\n<link rel=\"canonical\" href=\"https:\/\/jauntairmobility.com\/fr\/carrieres\/\" \/>\n<meta property=\"og:locale\" content=\"fr_FR\" \/>\n<meta property=\"og:type\" content=\"article\" \/>\n<meta property=\"og:title\" content=\"Carri\u00e8res - Jaunt Air Mobility\" \/>\n<meta property=\"og:description\" content=\"CARRI\u00c8RES AUCUNE LIMITE \u00c0 VOTRE SUCC\u00c8S Guid\u00e9 par le travail d\u2019\u00e9quipe et la vision, Jaunt Air Mobility s\u2019engage \u00e0 ce que tous ses employ\u00e9s r\u00e9ussissent \u00e0 r\u00e9pondre \u00e0 leurs aspirations professionnelles, qu\u2019il s\u2019agisse d\u2019un professionnel chevronn\u00e9 ou d\u2019un r\u00e9cent dipl\u00f4m\u00e9. Nous offrons \u00e9galement des possibilit\u00e9s de stage lorsque cela est possible. Nous offrons des programmes [&hellip;]\" \/>\n<meta property=\"og:url\" content=\"https:\/\/jauntairmobility.com\/fr\/carrieres\/\" \/>\n<meta property=\"og:site_name\" content=\"Jaunt Air Mobility\" \/>\n<meta property=\"article:publisher\" content=\"https:\/\/www.facebook.com\/JauntAirOfficial\/\" \/>\n<meta property=\"article:modified_time\" content=\"2023-04-18T22:04:30+00:00\" \/>\n<meta property=\"og:image\" content=\"https:\/\/jauntairmobility.com\/wp-content\/uploads\/2023\/03\/1200x675.jpg\" \/>\n\t<meta property=\"og:image:width\" content=\"1200\" \/>\n\t<meta property=\"og:image:height\" content=\"675\" \/>\n\t<meta property=\"og:image:type\" content=\"image\/jpeg\" \/>\n<meta name=\"twitter:card\" content=\"summary_large_image\" \/>\n<meta name=\"twitter:site\" content=\"@jauntair\" \/>\n<meta name=\"twitter:label1\" content=\"Dur\u00e9e de lecture estim\u00e9e\" \/>\n\t<meta name=\"twitter:data1\" content=\"1 minute\" \/>\n<script type=\"application\/ld+json\" class=\"yoast-schema-graph\">{\"@context\":\"https:\/\/schema.org\",\"@graph\":[{\"@type\":\"WebPage\",\"@id\":\"https:\/\/jauntairmobility.com\/fr\/carrieres\/\",\"url\":\"https:\/\/jauntairmobility.com\/fr\/carrieres\/\",\"name\":\"Carri\u00e8res - Jaunt Air Mobility\",\"isPartOf\":{\"@id\":\"https:\/\/jauntairmobility.com\/fr\/#website\"},\"datePublished\":\"2023-04-18T21:47:51+00:00\",\"dateModified\":\"2023-04-18T22:04:30+00:00\",\"breadcrumb\":{\"@id\":\"https:\/\/jauntairmobility.com\/fr\/carrieres\/#breadcrumb\"},\"inLanguage\":\"fr-FR\",\"potentialAction\":[{\"@type\":\"ReadAction\",\"target\":[\"https:\/\/jauntairmobility.com\/fr\/carrieres\/\"]}]},{\"@type\":\"BreadcrumbList\",\"@id\":\"https:\/\/jauntairmobility.com\/fr\/carrieres\/#breadcrumb\",\"itemListElement\":[{\"@type\":\"ListItem\",\"position\":1,\"name\":\"Home\",\"item\":\"https:\/\/jauntairmobility.com\/fr\/accueil\/\"},{\"@type\":\"ListItem\",\"position\":2,\"name\":\"Carri\u00e8res\"}]},{\"@type\":\"WebSite\",\"@id\":\"https:\/\/jauntairmobility.com\/fr\/#website\",\"url\":\"https:\/\/jauntairmobility.com\/fr\/\",\"name\":\"Jaunt Air Mobility\",\"description\":\"Urban Air Mobility Air Taxi and Air Cargo\",\"publisher\":{\"@id\":\"https:\/\/jauntairmobility.com\/fr\/#organization\"},\"potentialAction\":[{\"@type\":\"SearchAction\",\"target\":{\"@type\":\"EntryPoint\",\"urlTemplate\":\"https:\/\/jauntairmobility.com\/fr\/?s={search_term_string}\"},\"query-input\":\"required name=search_term_string\"}],\"inLanguage\":\"fr-FR\"},{\"@type\":\"Organization\",\"@id\":\"https:\/\/jauntairmobility.com\/fr\/#organization\",\"name\":\"Jaunt Air Mobility\",\"url\":\"https:\/\/jauntairmobility.com\/fr\/\",\"logo\":{\"@type\":\"ImageObject\",\"inLanguage\":\"fr-FR\",\"@id\":\"https:\/\/jauntairmobility.com\/fr\/#\/schema\/logo\/image\/\",\"url\":\"https:\/\/jauntairmobility.com\/wp-content\/uploads\/2022\/10\/cropped-Jaunt_AIRO_logo-2.png\",\"contentUrl\":\"https:\/\/jauntairmobility.com\/wp-content\/uploads\/2022\/10\/cropped-Jaunt_AIRO_logo-2.png\",\"width\":813,\"height\":183,\"caption\":\"Jaunt Air Mobility\"},\"image\":{\"@id\":\"https:\/\/jauntairmobility.com\/fr\/#\/schema\/logo\/image\/\"},\"sameAs\":[\"https:\/\/www.facebook.com\/JauntAirOfficial\/\",\"https:\/\/twitter.com\/jauntair\",\"https:\/\/www.linkedin.com\/company\/jauntair\/\"]}]}<\/script>\n<!-- \/ Yoast SEO plugin. -->","yoast_head_json":{"title":"Carri\u00e8res - Jaunt Air Mobility","robots":{"index":"index","follow":"follow","max-snippet":"max-snippet:-1","max-image-preview":"max-image-preview:large","max-video-preview":"max-video-preview:-1"},"canonical":"https:\/\/jauntairmobility.com\/fr\/carrieres\/","og_locale":"fr_FR","og_type":"article","og_title":"Carri\u00e8res - Jaunt Air Mobility","og_description":"CARRI\u00c8RES AUCUNE LIMITE \u00c0 VOTRE SUCC\u00c8S Guid\u00e9 par le travail d\u2019\u00e9quipe et la vision, Jaunt Air Mobility s\u2019engage \u00e0 ce que tous ses employ\u00e9s r\u00e9ussissent \u00e0 r\u00e9pondre \u00e0 leurs aspirations professionnelles, qu\u2019il s\u2019agisse d\u2019un professionnel chevronn\u00e9 ou d\u2019un r\u00e9cent dipl\u00f4m\u00e9. Nous offrons \u00e9galement des possibilit\u00e9s de stage lorsque cela est possible. Nous offrons des programmes [&hellip;]","og_url":"https:\/\/jauntairmobility.com\/fr\/carrieres\/","og_site_name":"Jaunt Air Mobility","article_publisher":"https:\/\/www.facebook.com\/JauntAirOfficial\/","article_modified_time":"2023-04-18T22:04:30+00:00","og_image":[{"width":1200,"height":675,"url":"https:\/\/jauntairmobility.com\/wp-content\/uploads\/2023\/03\/1200x675.jpg","type":"image\/jpeg"}],"twitter_card":"summary_large_image","twitter_site":"@jauntair","twitter_misc":{"Dur\u00e9e de lecture estim\u00e9e":"1 minute"},"schema":{"@context":"https:\/\/schema.org","@graph":[{"@type":"WebPage","@id":"https:\/\/jauntairmobility.com\/fr\/carrieres\/","url":"https:\/\/jauntairmobility.com\/fr\/carrieres\/","name":"Carri\u00e8res - Jaunt Air Mobility","isPartOf":{"@id":"https:\/\/jauntairmobility.com\/fr\/#website"},"datePublished":"2023-04-18T21:47:51+00:00","dateModified":"2023-04-18T22:04:30+00:00","breadcrumb":{"@id":"https:\/\/jauntairmobility.com\/fr\/carrieres\/#breadcrumb"},"inLanguage":"fr-FR","potentialAction":[{"@type":"ReadAction","target":["https:\/\/jauntairmobility.com\/fr\/carrieres\/"]}]},{"@type":"BreadcrumbList","@id":"https:\/\/jauntairmobility.com\/fr\/carrieres\/#breadcrumb","itemListElement":[{"@type":"ListItem","position":1,"name":"Home","item":"https:\/\/jauntairmobility.com\/fr\/accueil\/"},{"@type":"ListItem","position":2,"name":"Carri\u00e8res"}]},{"@type":"WebSite","@id":"https:\/\/jauntairmobility.com\/fr\/#website","url":"https:\/\/jauntairmobility.com\/fr\/","name":"Jaunt Air Mobility","description":"Urban Air Mobility Air Taxi and Air Cargo","publisher":{"@id":"https:\/\/jauntairmobility.com\/fr\/#organization"},"potentialAction":[{"@type":"SearchAction","target":{"@type":"EntryPoint","urlTemplate":"https:\/\/jauntairmobility.com\/fr\/?s={search_term_string}"},"query-input":"required name=search_term_string"}],"inLanguage":"fr-FR"},{"@type":"Organization","@id":"https:\/\/jauntairmobility.com\/fr\/#organization","name":"Jaunt Air Mobility","url":"https:\/\/jauntairmobility.com\/fr\/","logo":{"@type":"ImageObject","inLanguage":"fr-FR","@id":"https:\/\/jauntairmobility.com\/fr\/#\/schema\/logo\/image\/","url":"https:\/\/jauntairmobility.com\/wp-content\/uploads\/2022\/10\/cropped-Jaunt_AIRO_logo-2.png","contentUrl":"https:\/\/jauntairmobility.com\/wp-content\/uploads\/2022\/10\/cropped-Jaunt_AIRO_logo-2.png","width":813,"height":183,"caption":"Jaunt Air Mobility"},"image":{"@id":"https:\/\/jauntairmobility.com\/fr\/#\/schema\/logo\/image\/"},"sameAs":["https:\/\/www.facebook.com\/JauntAirOfficial\/","https:\/\/twitter.com\/jauntair","https:\/\/www.linkedin.com\/company\/jauntair\/"]}]}},"_links":{"self":[{"href":"https:\/\/jauntairmobility.com\/fr\/wp-json\/wp\/v2\/pages\/2715","targetHints":{"allow":["GET"]}}],"collection":[{"href":"https:\/\/jauntairmobility.com\/fr\/wp-json\/wp\/v2\/pages"}],"about":[{"href":"https:\/\/jauntairmobility.com\/fr\/wp-json\/wp\/v2\/types\/page"}],"author":[{"embeddable":true,"href":"https:\/\/jauntairmobility.com\/fr\/wp-json\/wp\/v2\/users\/4"}],"replies":[{"embeddable":true,"href":"https:\/\/jauntairmobility.com\/fr\/wp-json\/wp\/v2\/comments?post=2715"}],"version-history":[{"count":5,"href":"https:\/\/jauntairmobility.com\/fr\/wp-json\/wp\/v2\/pages\/2715\/revisions"}],"predecessor-version":[{"id":2723,"href":"https:\/\/jauntairmobility.com\/fr\/wp-json\/wp\/v2\/pages\/2715\/revisions\/2723"}],"wp:attachment":[{"href":"https:\/\/jauntairmobility.com\/fr\/wp-json\/wp\/v2\/media?parent=2715"}],"curies":[{"name":"wp","href":"https:\/\/api.w.org\/{rel}","templated":true}]}}